{"id":8631,"date":"2016-04-17T19:00:42","date_gmt":"2016-04-17T23:00:42","guid":{"rendered":"http:\/\/michelcloutier.com\/fr\/?page_id=8631"},"modified":"2024-06-16T07:34:25","modified_gmt":"2024-06-16T11:34:25","slug":"contact","status":"publish","type":"page","link":"https:\/\/michelcloutier.com\/fr\/contact\/","title":{"rendered":"CONTACT"},"content":{"rendered":"\n<div class=\"clearfix hline-common hline-single\" style=\"margin-top:10px;margin-bottom:10px;border-color:#e5e5e5;border-width:1px;\"><\/div>\n<div style=\"padding: 0 0 0;margin: 0 0 0;background-color: #ffffff;color: #333333;border-width:0px;border-color:;border-style:solid;\"><\/p>\n<p style=\"text-align: center;\"><strong>DEMANDES COMMERCIALES<\/strong><\/p>\n<p>\n<\/div>\n<div style=\"padding: 0 px 0;margin: 15px 0 0;background-color: ;color: #a9a9a9;border-width:0px;border-color:;border-style:solid;\"><\/div>\n<div class=\"clearfix hline-common hline-single\" style=\"margin-top:10px;margin-bottom:10px;border-color:#e5e5e5;border-width:1px;\"><\/div>\n<div style=\"padding: 0 px 0;margin: 15px 0 0;background-color: ;color: #a9a9a9;border-width:0px;border-color:;border-style:solid;\"><\/div>\n<div style=\"padding: 0 px 0;margin: 15px 0 0;background-color: ;color: #a9a9a9;border-width:0px;border-color:;border-style:solid;\"><\/div>\n<div style=\"padding: 0 px 0;margin: 15px 0 0;background-color: ;color: #a9a9a9;border-width:0px;border-color:;border-style:solid;\"><\/p>\n<p style=\"text-align: center; font-weight: 600; color: #b8b8b8;\">PHOTOGRAPHIE \u2013 DOP \u2013\u00a0R\u00c9ALISATEUR<br \/>\nPARTOUT DANS LE MONDE<\/p>\n<p style=\"text-align: center; color: #606060; font-size: 14px; font-weight: 400; letter-spacing: 0.5px; line-height: 19px;\">Michel Cloutier<br \/>\nMICHEL CLOUTIER photographe.<br \/>\n7145 rue Saint-Urbain<br \/>\nMontr\u00e9al, QC, H2S 3H4<br \/>\nCanada<br \/>\nT. +1 514.994.8007<br \/>\nC. <strong><a href=\"#contact\">studio@michelcloutier.com<\/a><\/strong><\/p>\n<p>\n<\/div>\n<div style=\"padding: 0 px 0;margin: 0 0 0;background-color: ;color: #a9a9a9;border-width:0px;border-color:;border-style:solid;\"><\/div>\n<div style=\"padding: 0 px 0;margin: 15px 0 0;background-color: ;color: #a9a9a9;border-width:0px;border-color:;border-style:solid;\"><\/div>\n<div class=\"clearfix hline-common hline-single\" style=\"margin-top:10px;margin-bottom:10px;border-color:#e5e5e5;border-width:1px;\"><\/div>\n<div style=\"padding: 0 px 0;margin: 15px 0 0;background-color: ;color: #a9a9a9;border-width:0px;border-color:;border-style:solid;\"><\/div>\n<div style=\"padding: 0 0 0;margin: 0 0 0;background-color: #ffffff;color: #333333;border-width:0px;border-color:;border-style:solid;\"><\/p>\n<p style=\"text-align: center;\"><strong>DEMANDES \u2013 CONF\u00c9RENCIER \u2013 ATELIER\u00a0\u2013 PRESSE & RP<\/strong><\/p>\n<p>\n<\/div>\n<div style=\"padding: 0 px 0;margin: 15px 0 0;background-color: ;color: #a9a9a9;border-width:0px;border-color:;border-style:solid;\"><\/div>\n<div class=\"clearfix hline-common hline-single\" style=\"margin-top:10px;margin-bottom:10px;border-color:#e5e5e5;border-width:1px;\"><\/div>\n<div style=\"padding: 0 px 0;margin: 15px 0 0;background-color: ;color: #a9a9a9;border-width:0px;border-color:;border-style:solid;\"><\/div>\n<div style=\"padding: 0 px 0;margin: 15px 0 0;background-color: ;color: #a9a9a9;border-width:0px;border-color:;border-style:solid;\"><\/div>\n<div style=\"padding: 0 px 0;margin: 15px 0 0;background-color: ;color: #a9a9a9;border-width:0px;border-color:;border-style:solid;\"><\/p>\n<p style=\"text-align: center; font-weight 600; color: #b8b8b8;\"><strong>CONF\u00c9RENCIER \u2013\u00a0ATELIER<\/strong><\/p>\n<p style=\"text-align: center; color: #606060; font-size: 14px; font-weight: 400; letter-spacing: 0.5px; line-height: 19px;\">Maud Beauchemin<br \/>\nMICHEL CLOUTIER photographe.<br \/>\n7145 rue Saint-Urbain<br \/>\nMontr\u00e9al, QC, H2S 3H4<br \/>\nCanada<br \/>\nT. +1 514.939-9974<br \/>\nC. <strong><a href=\"#contact\">studio@michelcloutier.com<\/a><\/strong><\/p>\n<p>\n<\/div>\n<div style=\"padding: 0 px 0;margin: 15px 0 0;background-color: ;color: #a9a9a9;border-width:0px;border-color:;border-style:solid;\"><\/p>\n<p style=\"text-align: center; font-weight 600; color: #b8b8b8;\"><strong>PRESSE & RP<\/strong><\/p>\n<p style=\"text-align: center; color: #606060; font-size: 14px; font-weight: 400; letter-spacing: 0.5px; line-height: 19px;\">Sandra Rossi<br \/>\nSandra Rossi RP et Repr\u00e9sentation<br \/>\n5425 de Bordeaux, studio 325<br \/>\nMontr\u00e9al, QC, H2H 2P9<br \/>\nCanada<br \/>\nT. +1 514.238.2859<br \/>\nC. <strong><a href=\"https:\/\/michelcloutier.com\/fr\/contactez-sandra-rossi-rp\/\">sandra@sandrarossirp.com<\/a><\/strong><\/p>\n<p>\n<\/div>\n<div style=\"padding: 0 px 0;margin: 15px 0 0;background-color: ;color: #a9a9a9;border-width:0px;border-color:;border-style:solid;\"><\/div>\n\n<div class=\"wpcf7 no-js\" id=\"wpcf7-f8634-o1\" lang=\"en-US\" dir=\"ltr\" data-wpcf7-id=\"8634\">\n<div class=\"screen-reader-response\"><p role=\"status\" aria-live=\"polite\" aria-atomic=\"true\"><\/p> <ul><\/ul><\/div>\n<form action=\"\/fr\/wp-json\/wp\/v2\/pages\/8631#wpcf7-f8634-o1\" method=\"post\" class=\"wpcf7-form init\" aria-label=\"Contact form\" enctype=\"multipart\/form-data\" novalidate=\"novalidate\" data-status=\"init\">\n<fieldset class=\"hidden-fields-container\"><input type=\"hidden\" name=\"_wpcf7\" value=\"8634\" \/><input type=\"hidden\" name=\"_wpcf7_version\" value=\"6.1.5\" \/><input type=\"hidden\" name=\"_wpcf7_locale\" value=\"en_US\" \/><input type=\"hidden\" name=\"_wpcf7_unit_tag\" value=\"wpcf7-f8634-o1\" \/><input type=\"hidden\" name=\"_wpcf7_container_post\" value=\"0\" \/><input type=\"hidden\" name=\"_wpcf7_posted_data_hash\" value=\"\" \/><input type=\"hidden\" name=\"_wpcf7_recaptcha_response\" value=\"\" \/>\n<\/fieldset>\n<p>Votre nom (requis)\n<\/p>\n<p><span class=\"wpcf7-form-control-wrap\" data-name=\"your-name\"><input size=\"40\" maxlength=\"400\" class=\"wpcf7-form-control wpcf7-text wpcf7-validates-as-required\" aria-required=\"true\" aria-invalid=\"false\" value=\"\" type=\"text\" name=\"your-name\" \/><\/span>\n<\/p>\n<p>Votre courriel (requis)\n<\/p>\n<p><span class=\"wpcf7-form-control-wrap\" data-name=\"your-email\"><input size=\"40\" maxlength=\"400\" class=\"wpcf7-form-control wpcf7-email wpcf7-validates-as-required wpcf7-text wpcf7-validates-as-email\" aria-required=\"true\" aria-invalid=\"false\" value=\"\" type=\"email\" name=\"your-email\" \/><\/span>\n<\/p>\n<p>Sujet\n<\/p>\n<p><span class=\"wpcf7-form-control-wrap\" data-name=\"your-subject\"><input size=\"40\" maxlength=\"400\" class=\"wpcf7-form-control wpcf7-text\" aria-invalid=\"false\" value=\"\" type=\"text\" name=\"your-subject\" \/><\/span>\n<\/p>\n<p>Votre province \/ d\u00e9partment \/ \u00e9tat (requis)\n<\/p>\n<p><span class=\"wpcf7-form-control-wrap\" data-name=\"text-686\"><input size=\"40\" maxlength=\"400\" class=\"wpcf7-form-control wpcf7-text wpcf7-validates-as-required\" aria-required=\"true\" aria-invalid=\"false\" value=\"\" type=\"text\" name=\"text-686\" \/><\/span>\n<\/p>\n<p>Votre message\n<\/p>\n<p><span class=\"wpcf7-form-control-wrap\" data-name=\"your-message\"><textarea cols=\"40\" rows=\"10\" maxlength=\"2000\" class=\"wpcf7-form-control wpcf7-textarea\" aria-invalid=\"false\" name=\"your-message\"><\/textarea><\/span>\n<\/p>\n<p>Vos fichiers - Max. 5 mb par fichier, formats accept\u00e9s: jpg, png, pdf.\n<\/p>\n<p><span class=\"wpcf7-form-control-wrap\" data-name=\"file-816\"><input size=\"40\" class=\"wpcf7-form-control wpcf7-file\" accept=\".jpg,.png,.pdf\" aria-invalid=\"false\" type=\"file\" name=\"file-816\" \/><\/span><br \/>\n<span class=\"wpcf7-form-control-wrap\" data-name=\"file-501\"><input size=\"40\" class=\"wpcf7-form-control wpcf7-file\" accept=\".jpg,.png,.pdf\" aria-invalid=\"false\" type=\"file\" name=\"file-501\" \/><\/span><br \/>\n<span class=\"wpcf7-form-control-wrap\" data-name=\"file-709\"><input size=\"40\" class=\"wpcf7-form-control wpcf7-file\" accept=\".jpg,.png,.pdf\" aria-invalid=\"false\" type=\"file\" name=\"file-709\" \/><\/span>\n<\/p>\n<p><input class=\"wpcf7-form-control wpcf7-submit has-spinner\" type=\"submit\" value=\"Envoyer\" \/>\n<\/p><p style=\"display: none !important;\" class=\"akismet-fields-container\" data-prefix=\"_wpcf7_ak_\"><label>&#916;<textarea name=\"_wpcf7_ak_hp_textarea\" cols=\"45\" rows=\"8\" maxlength=\"100\"><\/textarea><\/label><input type=\"hidden\" id=\"ak_js_1\" name=\"_wpcf7_ak_js\" value=\"106\"\/><script>document.getElementById( \"ak_js_1\" ).setAttribute( \"value\", ( new Date() ).getTime() );<\/script><\/p><div class=\"wpcf7-response-output\" aria-hidden=\"true\"><\/div>\n<\/form>\n<\/div>\n\n<div class=\"section-heading none section-align-center\" style=\"width:60%;padding-top:0;padding-bottom:0;margin-bottom:15px;\"><h2 style=\"color:#444444;\" class=\"section-title\">\u00c9crivez-moi !<\/h2><h3 style=\"color:#444444;\" class=\"section-subtitle\">Contactez-moi et nous pourrons discuter de votre projet ensemble.<\/h3><div class=\"section-end\"><\/div><div class=\"section-contents clearfix\"><p>Tous les projets qui me sont propos\u00e9s sont r\u00e9alis\u00e9s avec la participation de partenaires soigneusement s\u00e9lectionn\u00e9s qui sont des sp\u00e9cialistes dans leurs domaines.<\/p>\n<\/div><\/div>\n<p><p style=\"text-align: center;\">Le r\u00e9sultat, une production con\u00e7u sur mesure,<br \/>\nqui se distingue par son originalit\u00e9 et son impact visuel.<\/p>\n<\/p>\n<div class=\"section-heading none section-align-center\" style=\"width:60%;padding-top:50px;padding-bottom:50px;margin-bottom:15px;\"><h2 class=\"section-title\"><\/h2><div class=\"section-end\"><\/div><\/div>\n","protected":false},"excerpt":{"rendered":"<p>Le r\u00e9sultat, une production con\u00e7u sur mesure, qui se distingue par son originalit\u00e9 et son impact visuel.<\/p>\n","protected":false},"author":1,"featured_media":0,"parent":0,"menu_order":0,"comment_status":"open","ping_status":"open","template":"template-fullpage.php","meta":{"footnotes":""},"yst_prominent_words":[759,757,636,758,761,751,599,222,756,1030,746,742,739,762,750,743,760,755,745,763],"class_list":["post-8631","page","type-page","status-publish","hentry"],"_links":{"self":[{"href":"https:\/\/michelcloutier.com\/fr\/wp-json\/wp\/v2\/pages\/8631","targetHints":{"allow":["GET"]}}],"collection":[{"href":"https:\/\/michelcloutier.com\/fr\/wp-json\/wp\/v2\/pages"}],"about":[{"href":"https:\/\/michelcloutier.com\/fr\/wp-json\/wp\/v2\/types\/page"}],"author":[{"embeddable":true,"href":"https:\/\/michelcloutier.com\/fr\/wp-json\/wp\/v2\/users\/1"}],"replies":[{"embeddable":true,"href":"https:\/\/michelcloutier.com\/fr\/wp-json\/wp\/v2\/comments?post=8631"}],"version-history":[{"count":12,"href":"https:\/\/michelcloutier.com\/fr\/wp-json\/wp\/v2\/pages\/8631\/revisions"}],"predecessor-version":[{"id":16878,"href":"https:\/\/michelcloutier.com\/fr\/wp-json\/wp\/v2\/pages\/8631\/revisions\/16878"}],"wp:attachment":[{"href":"https:\/\/michelcloutier.com\/fr\/wp-json\/wp\/v2\/media?parent=8631"}],"wp:term":[{"taxonomy":"yst_prominent_words","embeddable":true,"href":"https:\/\/michelcloutier.com\/fr\/wp-json\/wp\/v2\/yst_prominent_words?post=8631"}],"curies":[{"name":"wp","href":"https:\/\/api.w.org\/{rel}","templated":true}]}}