{"id":10580,"date":"2015-02-27T16:52:19","date_gmt":"2015-02-27T16:52:19","guid":{"rendered":"http:\/\/michelcloutier.com\/fr\/about-me\/"},"modified":"2019-07-01T17:39:28","modified_gmt":"2019-07-01T21:39:28","slug":"qui-est-michel-cloutier","status":"publish","type":"page","link":"https:\/\/michelcloutier.com\/fr\/qui-est-michel-cloutier\/","title":{"rendered":"Qui est Michel Cloutier ?"},"content":{"rendered":"<div class=\"section-heading none section-align-center\" style=\"padding-top:10px;padding-bottom:80px;margin-bottom:60px;\"><h1 class=\"section-title\">Qui est Michel Cloutier ?<\/h1><div class=\"section-end\"><\/div><\/div>\n<div class=\"single-image-block none\" style=\"padding-top:;padding-bottom:0;text-align:center;\"><img decoding=\"async\" src=\"http:\/\/michelcloutier.com\/wp-content\/uploads\/2019\/06\/MichelCloutier_IMG_0635.jpg\" alt=\"\"\/><\/div>\n<p><p style=\"text-align: justify;\">Michel Cloutier est cet artiste photographique dont l\u2019\u0153uvre se distingue par la justesse de l\u2019\u00e9motion et la puret\u00e9 de l\u2019instant choisi. Son don particulier pour saisir l\u2019essence profond de l\u2019\u00eatre lui a valu de nombreuses expositions au Canada, aux \u00c9tats-Unis et au Royaume-Uni.<\/p>\n<p>\u00a0<\/p>\n<p style=\"text-align: justify;\">Depuis plus de 30 ans, Michel Cloutier use de sensibilit\u00e9 pour scruter l\u2019image qui s\u2019offre \u00e0 sa lentille. Plusieurs grands noms du showbizz qu\u00e9b\u00e9cois, du monde du sport et de l\u2019univers de la mode ont vu leurs traits sublim\u00e9s par son objectif, notamment Jean\u00a0Lapointe, V\u00e9ronique\u00a0Cloutier, Garou, Guillaume\u00a0LemayThivierge, Roy\u00a0Dupuis, David\u00a0La\u00a0Haye, et bien d\u2019autres. Le talent de Michel a d\u2019ailleurs retenu l\u2019attention de nombreuses corporations prestigieuses, dont Ballantine Scotch, Pepsi, Elle Qu\u00e9bec, Ford et IMAX, ce qui l\u2019a tour \u00e0 tour men\u00e9 \u00e0 Paris, New York, Moscou, Shangha\u00ef, les Cara\u00efbes ainsi qu\u2019en de nombreuses autres destinations. Michel est \u00e9galement r\u00e9cipiendaire de nombreux prix, dont le Grand Prix LUX Canada, cat\u00e9gorie publicit\u00e9, et le Grand Prix Magazine du Qu\u00e9bec.<\/p>\n<p>\u00a0<\/p>\n<p style=\"text-align: justify;\">Au fil des ans, Michel Cloutier s\u2019est enrichi d\u2019une exp\u00e9rience diversifi\u00e9e en lien avec la passion qu\u2019il entretient avec l\u2019image. Au d\u00e9but des ann\u00e9es 1990, il fonde le magazine Vertigo, pour lequel il g\u00e9n\u00e8re l\u2019ensemble du contenu r\u00e9dactionnel et photographique, ce qui attire rapidement l\u2019attention sur son \u0153uvre \u00e0 l\u2019\u00e9chelle nationale et internationale. Au cours de cette d\u00e9cennie, Michel s\u2019initie \u00e9galement \u00e0 la photo num\u00e9rique, qui en est alors \u00e0 ses balbutiements. Cette nouvelle expertise fascine et on l\u2019invite \u00e0 animer des ateliers et des conf\u00e9rences sur les innombrables possibilit\u00e9s qui s\u2019offrent au photographe de l\u2019\u00e8re num\u00e9rique.<\/p>\n<\/p>\n<p><p style=\"text-align: justify;\">Sur cet \u00e9lan, Michel s\u00e9journe au sein d\u2019une tribu indig\u00e8ne de l\u2019\u00e9tat d\u2019Oaxaca, au Mexique, au d\u00e9but des ann\u00e9es 2000, qu\u00eate personnelle qui lui permet d\u2019allier la ma\u00eetrise de la technologie num\u00e9rique la plus r\u00e9cente \u00e0 la rencontre des civilisations les plus anciennes. Cette exp\u00e9dition lui donne des id\u00e9es de grandeur, qu\u2019il conserve en vue d\u2019un futur projet. C\u2019est en 2016, s\u2019inspirant de cette exp\u00e9rience o\u00f9 s\u2019est r\u00e9v\u00e9l\u00e9e sa passion pour les rencontres culturelles authentiques, que Michel ouvre une nouvelle porte incontournable dans sa carri\u00e8re de photographe commercial en lan\u00e7ant Aventures photo Espace voyages et ateliers. Par cette plateforme exclusive qui allie formation en photographie et voyage dans les lieux les plus magnifiques du monde, Michel \u00e9labore des moments de pure beaut\u00e9 pour des passionn\u00e9s de photos qui d\u00e9sirent \u00e9largir leurs horizons.<\/p>\n<p>\u00a0<\/p>\n<p style=\"text-align: justify;\">En 2005, Michel s\u2019associe \u00e0 Amnistie Internationale et MusiquePlus\/MusiMax pour cr\u00e9er l\u2019exposition \u00ab\u00a0IMAGINE Montr\u00e9al Living Life in Peace\u00a0\u00bb, inspir\u00e9e de l\u2019\u0153uvre musicale de John\u00a0Lennon et approuv\u00e9e par Yoko\u00a0Ono. Dans ce cadre, Michel r\u00e9alise 25 portraits et entrevues touchants de v\u00e9rit\u00e9 avec autant de personnalit\u00e9s qu\u00e9b\u00e9coises du monde artistique, journalistique, sportif et autres, qui t\u00e9moignent ainsi de leur attachement aux droits humains. Parmi eux, Denys\u00a0Arcand, Pierre\u00a0Lapointe, Marie\u00a0Laberge, Philippe\u00a0Dubuc et St\u00e9phane\u00a0Quintal livrent leur point de vue profond sur des enjeux qui nous touchent tous. Cette exposition a \u00e9t\u00e9 pr\u00e9sent\u00e9e dans plusieurs villes de la province.<\/p>\n<p>\u00a0<\/p>\n<p style=\"text-align: justify;\">Depuis 2010, Michel fait la navette entre Montr\u00e9al et Toronto, mais c\u2019est \u00e0 partir de Montr\u00e9al qu\u2019il veille au bon d\u00e9roulement de ses diff\u00e9rents projets. Int\u00e9grant la vid\u00e9o \u00e0 son offre, il signe le tournage des vid\u00e9oclips \u00ab\u00a0Da Ya Think I\u2019m Sexy\u00a0\u00bb pour la chanteuse Ima, et \u00ab\u00a0Des r\u00e9ponses\u00a0\u00bb pour Nadja. Son bagage de connaissances se faisant de plus en plus \u00e9toff\u00e9 et son d\u00e9sir de le partager de plus en plus vibrant, il se lance dans l\u2019enseignement de son art aupr\u00e8s d\u2019\u00e9tudiants en photographie du Coll\u00e8ge Inter-Dec, en plus d\u2019offrir diff\u00e9rentes conf\u00e9rences visant \u00e0 \u00e9changer sur ses exp\u00e9riences avec d\u2019autres photographes, des stagiaires et des \u00e9tudiants.<\/p>\n<p>\u00a0<\/p>\n<p style=\"text-align: justify;\">Photographe commercial r\u00e9put\u00e9, Michel Cloutier bouillonne d\u2019\u00e9nergie cr\u00e9atrice et d\u2019id\u00e9es inspirantes. Expositions, shootings photo \u00e0 l\u2019\u00e9tranger pour des clients locaux ou d\u2019ailleurs, ateliers et occasions de partager\u2026 la multitude de projets qu\u2019il entretient nourrissent sa nature vibrante et profond\u00e9ment humaine. Tout en maintenant son objectif tourn\u00e9 vers l\u2019international, Michel souhaite transmettre cette lumi\u00e8re qui l\u2019anime au moment d\u2019immortaliser un instant d\u2019\u00e9ternit\u00e9.<\/p>\n<\/p>\n<div class=\"section-heading none section-align-center\" style=\"width:92%;padding-top:65px;padding-bottom:;margin-bottom:px;\"><h2 class=\"section-title\">D\u00e9claration de positionnement<\/h2><div class=\"section-end\"><\/div><\/div>\n<div class=\"section-heading none section-align-center\" style=\"padding-top:;padding-bottom:;margin-bottom:px;\"><h2 class=\"section-title\">Prix<\/h2><div class=\"section-end\"><\/div><\/div>\n<div class=\"clearfix hline-common hline-single\" style=\"margin-top:10px;border-color:#ffffff;border-width:1px;\"><\/div>\n<div class=\"checklist\">\n<ul>\n<li><i style=\"color:#ebb837;\" class=\"fa fa-star-o\"><\/i>2010 Finaliste<\/li>\n<\/ul>\n<p><\/div>\n<div class=\"checklist\">\n<ul>\n<li><i style=\"color:#ebb837;\" class=\"\"><\/i>Magazines du Qu\u00e9bec<\/li>\n<\/ul>\n<p><\/div>\n<div class=\"checklist\">\n<ul>\n<li><i style=\"color:#ebb837;\" class=\"\"><\/i>Cat\u00e9gorie :  Portrait<\/li>\n<\/ul>\n<p><\/div>\n<div class=\"clearfix hline-common hline-single\" style=\"margin-top:10px;border-color:#ffffff;border-width:1px;\"><\/div>\n<div class=\"clearfix hline-common hline-single\" style=\"margin-top:10px;margin-bottom:10px;border-color:#ffffff;border-width:1px;\"><\/div>\n<div class=\"checklist\">\n<ul>\n<li><i style=\"color:#ebb837;\" class=\"fa fa-star-o\"><\/i>2010 Meilleur Photo<\/li>\n<\/ul>\n<p><\/div>\n<div class=\"checklist\">\n<ul>\n<li><i style=\"color:#ebb837;\" class=\"\"><\/i>Concours Grenier D&#039;Or<\/li>\n<\/ul>\n<p><\/div>\n<div class=\"checklist\">\n<ul>\n<li><i style=\"color:#ebb837;\" class=\"\"><\/i>Cat\u00e9gorie :  Carte de No\u00ebl<\/li>\n<\/ul>\n<p><\/div>\n<div class=\"clearfix hline-common hline-single\" style=\"margin-top:10px;margin-bottom:10px;border-color:#ffffff;border-width:1px;\"><\/div>\n<div class=\"clearfix hline-common hline-single\" style=\"margin-top:10px;margin-bottom:10px;border-color:#ffffff;border-width:1px;\"><\/div>\n<div class=\"checklist\">\n<ul>\n<li><i style=\"color:#ebb837;\" class=\"fa fa-star-o\"><\/i>2004 Grand Prix<\/li>\n<\/ul>\n<p><\/div>\n<div class=\"checklist\">\n<ul>\n<li><i style=\"color:#ebb837;\" class=\"\"><\/i>Magazines du Qu\u00e9bec<\/li>\n<\/ul>\n<p><\/div>\n<div class=\"checklist\">\n<ul>\n<li><i style=\"color:#ebb837;\" class=\"\"><\/i>Cat\u00e9gorie : Portrait<\/li>\n<\/ul>\n<p><\/div>\n<div class=\"clearfix hline-common hline-single\" style=\"margin-top:10px;margin-bottom:10px;border-color:#ffffff;border-width:1px;\"><\/div>\n<div class=\"clearfix hline-common hline-single\" style=\"margin-top:10px;margin-bottom:10px;border-color:#ffffff;border-width:1px;\"><\/div>\n<div class=\"checklist\">\n<ul>\n<li><i style=\"color:#ebb837;\" class=\"fa fa-star-o\"><\/i>2001 Meilleur Photo<\/li>\n<\/ul>\n<p><\/div>\n<div class=\"checklist\">\n<ul>\n<li><i style=\"color:#ebb837;\" class=\"\"><\/i>Concours Grenier D&#039;Or<\/li>\n<\/ul>\n<p><\/div>\n<div class=\"checklist\">\n<ul>\n<li><i style=\"color:#ebb837;\" class=\"\"><\/i>Cat\u00e9gorie : Carte de No\u00ebl<\/li>\n<\/ul>\n<p><\/div>\n<div class=\"clearfix hline-common hline-single\" style=\"margin-top:10px;margin-bottom:10px;border-color:#ffffff;border-width:1px;\"><\/div>\n<div class=\"clearfix hline-common hline-single\" style=\"margin-top:10px;margin-bottom:10px;border-color:#ffffff;border-width:1px;\"><\/div>\n<div class=\"checklist\">\n<ul>\n<li><i style=\"color:#ebb837;\" class=\"fa fa-star-o\"><\/i>2000 Grand Prix<\/li>\n<\/ul>\n<p><\/div>\n<div class=\"checklist\">\n<ul>\n<li><i style=\"color:#ebb837;\" class=\"\"><\/i>Concours LUX Qu\u00e9bec<\/li>\n<\/ul>\n<p><\/div>\n<div class=\"checklist\">\n<ul>\n<li><i style=\"color:#ebb837;\" class=\"\"><\/i>Cat\u00e9gorie : Portrait Publi\u00e9<\/li>\n<\/ul>\n<p><\/div>\n<div class=\"clearfix hline-common hline-single\" style=\"margin-top:10px;margin-bottom:10px;border-color:#ffffff;border-width:1px;\"><\/div>\n<div class=\"clearfix hline-common hline-single\" style=\"margin-top:10px;margin-bottom:10px;border-color:#ffffff;border-width:1px;\"><\/div>\n<div class=\"checklist\">\n<ul>\n<li><i style=\"color:#ebb837;\" class=\"fa fa-star-o\"><\/i>2000 Grand Prix<\/li>\n<\/ul>\n<p><\/div>\n<div class=\"checklist\">\n<ul>\n<li><i style=\"color:#ebb837;\" class=\"\"><\/i>Concours LUX Qu\u00e9bec<\/li>\n<\/ul>\n<p><\/div>\n<div class=\"checklist\">\n<ul>\n<li><i style=\"color:#ebb837;\" class=\"\"><\/i>Cat\u00e9gorie : Portrait Non Publi\u00e9 &#8211; S\u00e9rie<\/li>\n<\/ul>\n<p><\/div>\n<div class=\"clearfix hline-common hline-single\" style=\"margin-top:10px;margin-bottom:10px;border-color:#ffffff;border-width:1px;\"><\/div>\n<div class=\"checklist\">\n<ul>\n<li><i style=\"color:#ebb837;\" class=\"fa fa-star-o\"><\/i>2000 Grand Prix<\/li>\n<\/ul>\n<p><\/div>\n<div class=\"checklist\">\n<ul>\n<li><i style=\"color:#ebb837;\" class=\"\"><\/i>Concours LUX Qu\u00e9bec<\/li>\n<\/ul>\n<p><\/div>\n<div class=\"checklist\">\n<ul>\n<li><i style=\"color:#ebb837;\" class=\"\"><\/i>Cat\u00e9gorie : Portrait No Publi\u00e9<\/li>\n<\/ul>\n<p><\/div>\n<div class=\"clearfix hline-common hline-single\" style=\"margin-top:10px;margin-bottom:10px;border-color:#ffffff;border-width:1px;\"><\/div>\n<div class=\"clearfix hline-common hline-single\" style=\"margin-top:10px;margin-bottom:10px;border-color:#ffffff;border-width:1px;\"><\/div>\n<div class=\"checklist\">\n<ul>\n<li><i style=\"color:#ebb837;\" class=\"fa fa-star-o\"><\/i>2000 Grand Prix<\/li>\n<\/ul>\n<p><\/div>\n<div class=\"checklist\">\n<ul>\n<li><i style=\"color:#ebb837;\" class=\"\"><\/i>Concours LUX Canada<\/li>\n<\/ul>\n<p><\/div>\n<div class=\"checklist\">\n<ul>\n<li><i style=\"color:#ebb837;\" class=\"\"><\/i>Category: Advertising<\/li>\n<\/ul>\n<p><\/div>\n<div class=\"clearfix hline-common hline-single\" style=\"margin-top:10px;margin-bottom:10px;border-color:#ffffff;border-width:1px;\"><\/div>\n<div class=\"clearfix hline-common hline-single\" style=\"margin-top:10px;margin-bottom:10px;border-color:#ffffff;border-width:1px;\"><\/div>\n<div class=\"checklist\">\n<ul>\n<li><i style=\"color:#ebb837;\" class=\"fa fa-star-o\"><\/i>2000 Photo Prix<\/li>\n<\/ul>\n<p><\/div>\n<div class=\"checklist\">\n<ul>\n<li><i style=\"color:#ebb837;\" class=\"\"><\/i>Magazine Applied Arts<\/li>\n<\/ul>\n<p><\/div>\n<div class=\"checklist\">\n<ul>\n<li><i style=\"color:#ebb837;\" class=\"\"><\/i>Cat\u00e9gorie : Photographie<\/li>\n<\/ul>\n<p><\/div>\n<div class=\"clearfix hline-common hline-single\" style=\"margin-top:10px;margin-bottom:10px;border-color:#ffffff;border-width:1px;\"><\/div>\n<div class=\"clearfix hline-common hline-single\" style=\"margin-top:10px;margin-bottom:10px;border-color:#ffffff;border-width:1px;\"><\/div>\n<div class=\"checklist\">\n<ul>\n<li><i style=\"color:#ebb837;\" class=\"fa fa-star-o\"><\/i>1998 Grand Prix<\/li>\n<\/ul>\n<p><\/div>\n<div class=\"checklist\">\n<ul>\n<li><i style=\"color:#ebb837;\" class=\"\"><\/i>Concours LUX Qu\u00e9bec<\/li>\n<\/ul>\n<p><\/div>\n<div class=\"checklist\">\n<ul>\n<li><i style=\"color:#ebb837;\" class=\"\"><\/i>Cat\u00e9gorie : Publicit\u00e9<\/li>\n<\/ul>\n<p><\/div>\n<div class=\"clearfix hline-common hline-single\" style=\"margin-top:10px;margin-bottom:10px;border-color:#ffffff;border-width:1px;\"><\/div>\n<div class=\"clearfix hline-common hline-single\" style=\"margin-top:10px;margin-bottom:10px;border-color:#ffffff;border-width:1px;\"><\/div>\n<div class=\"checklist\">\n<ul>\n<li><i style=\"color:#ebb837;\" class=\"fa fa-star-o\"><\/i>1997 Meilleur Photo<\/li>\n<\/ul>\n<p><\/div>\n<div class=\"checklist\">\n<ul>\n<li><i style=\"color:#ebb837;\" class=\"\"><\/i>Concours Grenier D&#039;Or<\/li>\n<\/ul>\n<p><\/div>\n<div class=\"checklist\">\n<ul>\n<li><i style=\"color:#ebb837;\" class=\"\"><\/i>Cat\u00e9gorie : Carte de No\u00ebl<\/li>\n<\/ul>\n<p><\/div>\n<div class=\"clearfix hline-common hline-single\" style=\"margin-top:10px;margin-bottom:10px;border-color:#ffffff;border-width:1px;\"><\/div>\n","protected":false},"excerpt":{"rendered":"<p>Michel Cloutier est cet artiste photographique dont l\u2019\u0153uvre se distingue par la justesse de l\u2019\u00e9motion et la puret\u00e9 de l\u2019instant choisi. Son don particulier pour saisir l\u2019essence profond de l\u2019\u00eatre lui a valu de nombreuses expositions au Canada, aux \u00c9tats-Unis et au Royaume-Uni. \u00a0 Depuis plus de 30 ans, Michel Cloutier use de sensibilit\u00e9 pour scruter l\u2019image qui s\u2019offre \u00e0 sa lentille. Plusieurs grands noms du showbizz qu\u00e9b\u00e9cois, du monde du sport et de l\u2019univers de la mode ont vu [&hellip;]<\/p>\n","protected":false},"author":1,"featured_media":0,"parent":0,"menu_order":0,"comment_status":"open","ping_status":"closed","template":"","meta":{"footnotes":""},"yst_prominent_words":[1006,1015,618,620,616,1023,1022,1021,1024,1017,1020,1019,622,617,621,1016,619,1018,222,623],"class_list":["post-10580","page","type-page","status-publish","hentry"],"_links":{"self":[{"href":"https:\/\/michelcloutier.com\/fr\/wp-json\/wp\/v2\/pages\/10580","targetHints":{"allow":["GET"]}}],"collection":[{"href":"https:\/\/michelcloutier.com\/fr\/wp-json\/wp\/v2\/pages"}],"about":[{"href":"https:\/\/michelcloutier.com\/fr\/wp-json\/wp\/v2\/types\/page"}],"author":[{"embeddable":true,"href":"https:\/\/michelcloutier.com\/fr\/wp-json\/wp\/v2\/users\/1"}],"replies":[{"embeddable":true,"href":"https:\/\/michelcloutier.com\/fr\/wp-json\/wp\/v2\/comments?post=10580"}],"version-history":[{"count":10,"href":"https:\/\/michelcloutier.com\/fr\/wp-json\/wp\/v2\/pages\/10580\/revisions"}],"predecessor-version":[{"id":16724,"href":"https:\/\/michelcloutier.com\/fr\/wp-json\/wp\/v2\/pages\/10580\/revisions\/16724"}],"wp:attachment":[{"href":"https:\/\/michelcloutier.com\/fr\/wp-json\/wp\/v2\/media?parent=10580"}],"wp:term":[{"taxonomy":"yst_prominent_words","embeddable":true,"href":"https:\/\/michelcloutier.com\/fr\/wp-json\/wp\/v2\/yst_prominent_words?post=10580"}],"curies":[{"name":"wp","href":"https:\/\/api.w.org\/{rel}","templated":true}]}}